{"id":11103,"date":"2025-10-08T09:02:11","date_gmt":"2025-10-08T02:02:11","guid":{"rendered":"https:\/\/valvecongnghiep.com\/product\/y-loc-10k-sy-40\/"},"modified":"2025-10-08T09:02:11","modified_gmt":"2025-10-08T02:02:11","slug":"y-strainer-jis-10k-sy-40","status":"publish","type":"product","link":"https:\/\/valvecongnghiep.com\/en\/product\/y-strainer-jis-10k-sy-40\/","title":{"rendered":"Y-STRAINER JIS 10K SY-40"},"content":{"rendered":"<div class=\"flex max-w-full flex-col flex-grow\">\n<div class=\"min-h-8 text-message flex w-full flex-col items-end gap-2 whitespace-normal break-words [.text-message+&amp;]:mt-5\" dir=\"auto\" data-message-author-role=\"assistant\" data-message-id=\"a233d3d5-7176-40cf-b8b8-f24cd2523925\">\n<div class=\"flex w-full flex-col gap-1 empty:hidden first:pt-[3px]\">\n<div class=\"markdown prose w-full break-words dark:prose-invert light\">\n<p style=\"text-align: justify;\">Are you looking for a high-quality, affordable Yoshitake cast iron Y strainer from Japan? Check out the SY-40 Yoshitake Y Strainer, officially imported to Vietnam. Join <strong>Tan Thanh Industrial Valves<\/strong> to explore this <strong>SY-40 Yoshitake<\/strong> model.<\/p>\n<\/div>\n<\/div>\n<\/div>\n<\/div>\n<h2 style=\"text-align: justify;\"><span style=\"font-size: 18pt;\">Y-Strainer JIS10K SY-40<\/span><\/h2>\n<ul style=\"text-align: justify;\">\n<li>Brand: Yoshitake<\/li>\n<li>Application: Steam , Air , Cold and hot water , Other non-dangerous fluids<\/li>\n<li>Max. pressure: 1.0MPa<\/li>\n<li>Connection: JIS 10K FF flanged<\/li>\n<li>Max. temperature: 220 degree(C)<\/li>\n<li>Standard screen 2.5 mmDia.-7.21 holes\/Sq.cm<\/li>\n<li>Standard mesh: 80 mesh<\/li>\n<li>Available mesh: 20-100 mesh<\/li>\n<li>Body: Ductile cast iron<\/li>\n<li>Screen: Stainless steel<\/li>\n<li>Size: DN15 \u2192 DN300 (1\/2&#8243; \u2192 12&#8243;)<\/li>\n<\/ul>\n<blockquote><p><span style=\"color: #0000ff;\"><em>Mua <strong><a href=\"https:\/\/valvecongnghiep.com\/en\/danh-muc\/valve\/y-strainer-category\/\" target=\"_blank\" rel=\"noopener\">y l\u1ecdc gi\u00e1 r\u1ebb<\/a><\/strong> ch\u00ednh h\u00e3ng t\u1ea1i c\u00f4ng ty T\u00e2n Th\u00e0nh. Mua ngay gi\u00e1 t\u1ed1t nh\u1ea5t th\u00e1ng 04\/2026 .<\/em><\/span><\/p><\/blockquote>\n<h2 style=\"text-align: justify;\"><strong>Official Distributor of Yoshitake SY-40 Y Strainer from Japan<\/strong><\/h2>\n<p style=\"text-align: justify;\">\ud83c\udfed <strong>Tan Thanh<\/strong> is your trusted destination for acquiring the Yoshitake SY-40 Y Strainer, offering the following benefits:<\/p>\n<ul style=\"text-align: justify;\">\n<li>\ud83d\udc49 The SY-40 model is always available in large quantities in stock.<\/li>\n<li>\ud83d\udc49 Free nationwide shipping for the SY-40.<\/li>\n<li>\ud83d\udc49 Brand new SY-40, 100% unused, with full CO, CQ, and Test report documentation.<\/li>\n<li>\ud83d\udc49 12-month warranty.<\/li>\n<li>\ud83d\udc49 The best price for Yoshitake SY-40 Y Strainers on the market.<\/li>\n<\/ul>\n<p style=\"text-align: justify;\">At <a href=\"https:\/\/valvecongnghiep.com\/en\/\" target=\"_blank\" rel=\"noopener\"><strong>Tan Thanh<\/strong><\/a>, customer satisfaction is our pride and success. Let us help you enhance your work efficiency with the genuine Yoshitake SY-40 Y Strainer from Japan.<\/p>\n<p style=\"text-align: justify;\"><strong>\ud83d\udcde Don\u2019t hesitate to contact us:<\/strong><\/p>\n<blockquote>\r\n<div class=\"dia-chi-mua-hang\">\r\n  <div class=\"dcmh__header\">TAN THANH INDUSTRIAL EQUIPMENT CO., LTD<\/div>\r\n\r\n  <div class=\"dcmh__row\">\r\n    <div class=\"dcmh__label\"><i class=\"fas fa-map-marker-alt icon\"><\/i><\/div>\r\n    <div class=\"dcmh__value\">No. 1 Dong Ho Street, Tan Hoa Ward, Ho Chi Minh City, Viet Nam<\/div>\r\n  <\/div>\r\n\r\n  <div class=\"dcmh__row\">\r\n    <div class=\"dcmh__label\"><i class=\"fas fa-phone icon\"><\/i><\/div>\r\n    <div class=\"dcmh__value\">\r\n      <a href=\"tel:02839717214\">028 3866 5295<\/a> |\r\n      <a href=\"tel:02839718606\">028 3971 8606<\/a> |\r\n      <a href=\"tel:0913833245\">0913 833 245<\/a> |\r\n      <a href=\"tel:0904635106\">0904 635 106<\/a>\r\n    <\/div>\r\n  <\/div>\r\n\r\n  <div class=\"dcmh__row\">\r\n    <div class=\"dcmh__label\"><i class=\"fas fa-envelope icon\"><\/i><\/div>\r\n    <div class=\"dcmh__value\">\r\n      <a href=\"mailto:info@tanthanhvalves.com.vn\">info@tanthanhvalves.com.vn<\/a>\r\n    <\/div>\r\n  <\/div>\r\n\r\n  <div class=\"dcmh__row\">\r\n    <div class=\"dcmh__label\"><i class=\"fas fa-globe icon\"><\/i><\/div>\r\n    <div class=\"dcmh__value\">\r\n      <span class=\"dcmh__plain-url\">https:\/\/valvecongnghiep.com\/<\/span>\r\n    <\/div>\r\n  <\/div>\r\n\r\n  <div class=\"dcmh__row dcmh__row--social\">\r\n    <div class=\"dcmh__label\"><i class=\"fas fa-share-alt icon\"><\/i><\/div>\r\n    <div class=\"dcmh__value\">\r\n      <div class=\"social--buttons\">\r\n        <a class=\"facebook\" href=\"https:\/\/www.facebook.com\/valvecongnghieptanthanh\" target=\"_blank\" rel=\"noopener\" aria-label=\"Facebook\"><i class=\"fab fa-facebook-f\"><\/i><\/a>\r\n        <a class=\"youtube\"  href=\"https:\/\/www.youtube.com\/@valvecongnghieptanthanh\"  target=\"_blank\" rel=\"noopener\" aria-label=\"YouTube\"><i class=\"fab fa-youtube\"><\/i><\/a>\r\n        <a class=\"pinterest\" href=\"https:\/\/www.pinterest.com\/valvecongnghieptanthanh\/\" target=\"_blank\" rel=\"noopener\" aria-label=\"Pinterest\"><i class=\"fab fa-pinterest-p\"><\/i><\/a>\r\n      <\/div>\r\n    <\/div>\r\n  <\/div>\r\n<\/div><\/blockquote>\n<p style=\"text-align: justify;\">We hope the <strong>Yoshitake SY-40 Y Strainer<\/strong> will help boost your work efficiency. Tan Thanh is currently offering special pricing for the month of 04\/2026. Call <strong>028 3971 7214 | 0938 143 901<\/strong> now to get the best deal!<\/p>\n","protected":false},"excerpt":{"rendered":"<p>Are you looking for a high-quality, affordable Yoshitake cast iron Y strainer from Japan? Check out the SY-40 Yoshitake Y Strainer, officially imported to Vietnam. Join Tan Thanh Industrial Valves to explore this SY-40 Yoshitake model. Y-Strainer JIS10K SY-40 Brand: Yoshitake Application: Steam , Air , Cold and hot water , Other non-dangerous fluids Max. [&hellip;]<\/p>\n","protected":false},"featured_media":29822,"template":"","meta":{"_acf_changed":false},"product_brand":[],"product_cat":[2642,213,1244,1505],"product_tag":[1510,1511],"class_list":{"0":"post-11103","1":"product","2":"type-product","3":"status-publish","4":"has-post-thumbnail","6":"product_cat-y-strainer-category","7":"product_cat-valve","8":"product_cat-yoshitake-valve","9":"product_cat-y-strainer-yoshitake","10":"product_tag-y-loc-10k-sy-40","11":"product_tag-y-strainer-jis-10k-sy-40-yoshitake","12":"pa_kieu-ket-noi-jis-standard-flange","13":"pa_kieu-van-hanh-manual","14":"pa_loai-van-y-strainer","15":"pa_thuong-hieu-yoshitake-valve","16":"pa_vat-lieu-cast-iron-ductile-iron","17":"pa_xuat-xu-japan","18":"brands-yoshitake-en","20":"first","21":"instock","22":"shipping-taxable","23":"product-type-simple"},"acf":[],"_links":{"self":[{"href":"https:\/\/valvecongnghiep.com\/en\/wp-json\/wp\/v2\/product\/11103","targetHints":{"allow":["GET"]}}],"collection":[{"href":"https:\/\/valvecongnghiep.com\/en\/wp-json\/wp\/v2\/product"}],"about":[{"href":"https:\/\/valvecongnghiep.com\/en\/wp-json\/wp\/v2\/types\/product"}],"wp:featuredmedia":[{"embeddable":true,"href":"https:\/\/valvecongnghiep.com\/en\/wp-json\/wp\/v2\/media\/29822"}],"wp:attachment":[{"href":"https:\/\/valvecongnghiep.com\/en\/wp-json\/wp\/v2\/media?parent=11103"}],"wp:term":[{"taxonomy":"product_brand","embeddable":true,"href":"https:\/\/valvecongnghiep.com\/en\/wp-json\/wp\/v2\/product_brand?post=11103"},{"taxonomy":"product_cat","embeddable":true,"href":"https:\/\/valvecongnghiep.com\/en\/wp-json\/wp\/v2\/product_cat?post=11103"},{"taxonomy":"product_tag","embeddable":true,"href":"https:\/\/valvecongnghiep.com\/en\/wp-json\/wp\/v2\/product_tag?post=11103"}],"curies":[{"name":"wp","href":"https:\/\/api.w.org\/{rel}","templated":true}]}}